{"id":241,"date":"2023-02-11T01:07:33","date_gmt":"2023-02-11T01:07:33","guid":{"rendered":"https:\/\/montecarlo.edu.mx\/sitio\/?page_id=241"},"modified":"2025-10-17T19:09:20","modified_gmt":"2025-10-17T19:09:20","slug":"inscripciones","status":"publish","type":"page","link":"https:\/\/montecarlo.edu.mx\/sitio\/inscripciones\/","title":{"rendered":"Inscr\u00edbete \u00a1GRATIS!"},"content":{"rendered":"<div data-colibri-id=\"241-c1\" class=\"style-243 style-local-241-c1 position-relative\">\n  <!---->\n  <div data-colibri-component=\"section\" data-colibri-id=\"241-c2\" id=\"overlappable\" class=\"h-section h-section-global-spacing d-flex align-items-lg-center align-items-md-center align-items-center style-250 style-local-241-c2 position-relative\">\n    <!---->\n    <!---->\n    <div class=\"h-section-grid-container h-section-boxed-container\">\n      <!---->\n      <div data-colibri-id=\"241-c3\" class=\"h-row-container gutters-row-lg-0 gutters-row-md-0 gutters-row-2 gutters-row-v-lg-0 gutters-row-v-md-0 gutters-row-v-0 style-251 style-local-241-c3 position-relative\">\n        <!---->\n        <div class=\"h-row justify-content-lg-center justify-content-md-center justify-content-center align-items-lg-stretch align-items-md-stretch align-items-stretch gutters-col-lg-0 gutters-col-md-0 gutters-col-2 gutters-col-v-lg-0 gutters-col-v-md-0 gutters-col-v-0\">\n          <!---->\n          <div class=\"h-column h-column-container d-flex h-col-lg-4 h-col-md-4 h-col-12 style-252-outer style-local-241-c4-outer\">\n            <div data-colibri-id=\"241-c4\" class=\"d-flex h-flex-basis h-column__inner h-px-lg-2 h-px-md-3 h-px-2 v-inner-lg-0 v-inner-md-3 v-inner-2 style-252 style-local-241-c4 position-relative\">\n              <!---->\n              <!---->\n              <div class=\"w-100 h-y-container h-column__content h-column__v-align flex-basis-100 align-self-lg-start align-self-md-start align-self-start\">\n                <!---->\n                <div data-colibri-id=\"241-c5\" class=\"h-icon style-253 style-local-241-c5 position-relative h-element\">\n                  <!----><span class=\"h-svg-icon h-icon__icon style-253-icon style-local-241-c5-icon\"><!--Icon by Socicon (http:\/\/www.socicon.com)--><svg version=\"1.1\" xmlns=\"http:\/\/www.w3.org\/2000\/svg\" viewBox=\"0 0 1500 1500\">\n\n<path d=\"M244.5 835.5c0-45 0-90 0-133.5 0-21 6-37.5 21-52.5 96-96 192-192 288-289.5 19.5-19.5 28.5-4.5 40.5 6 115.5 115.5 232.5 231 346.5 348 19.5 19.5 39 30 67.5 28.5 69-1.5 139.5 0 208.5-1.5 27 0 36 9 36 36-1.5 63 0 126 0 190.5-1.5 69-34.5 100.5-102 100.5-36 0-73.5 1.5-109.5 0-30-1.5-36 10.5-36 39 1.5 73.5 0 147 0 220.5 0 9 4.5 21-6 24-9 3-13.5-7.5-19.5-13.5-82.5-79.5-163.5-160.5-244.5-243-18-18-34.5-25.5-60-25.5-109.5 1.5-217.5 0-327 0-69 0-102-31.5-103.5-100.5-1.5-43.5 0-88.5 0-133.5zM750 147c73.5 0 147 0 220.5 0 21 0 37.5 6 52.5 21 153 151.5 307.5 303 460.5 456 7.5 6 21 12 15 24-4.5 9-16.5 4.5-25.5 4.5-145.5 0-291 0-436.5 0-22.5 0-39-7.5-55.5-22.5-127.5-129-256.5-255-384-382.5-19.5-19.5-30-24-51-1.5-126 126-255 250.5-381 376.5-21 21-42 31.5-72 28.5-21-1.5-43.5 0-66 0-9 0-24 4.5-28.5-7.5-3-9 7.5-16.5 15-22.5 24-24 49.5-46.5 73.5-70.5 127.5-126 255-253.5 382.5-379.5 18-18 36-25.5 60-25.5 75 1.5 147 1.5 220.5 1.5z\"><\/path>\n<\/svg>\n<\/span><\/div>\n                <div data-colibri-id=\"241-c6\" class=\"h-global-transition-all h-heading style-254 style-local-241-c6 position-relative h-element\">\n                  <!---->\n                  <div class=\"h-heading__outer style-254 style-local-241-c6\">\n                    <!---->\n                    <!---->\n                    <h5 class=\"\">INCORPORADA A LA sep<\/h5>\n                  <\/div>\n                <\/div>\n                <div data-colibri-id=\"241-c7\" class=\"h-text h-text-component style-255 style-local-241-c7 position-relative h-element\">\n                  <!---->\n                  <!---->\n                  <div class=\"\">\n                    <p>Clave: 18PBH0140R<\/p>\n                  <\/div>\n                <\/div>\n              <\/div>\n            <\/div>\n          <\/div>\n          <div class=\"h-column h-column-container d-flex h-col-lg-4 h-col-md-4 h-col-12 style-252-outer style-local-241-c8-outer\">\n            <div data-colibri-id=\"241-c8\" class=\"d-flex h-flex-basis h-column__inner h-px-lg-2 h-px-md-3 h-px-2 v-inner-lg-0 v-inner-md-3 v-inner-2 style-252 style-local-241-c8 position-relative\">\n              <!---->\n              <!---->\n              <div class=\"w-100 h-y-container h-column__content h-column__v-align flex-basis-100 align-self-lg-start align-self-md-start align-self-start\">\n                <!---->\n                <div data-colibri-id=\"241-c9\" class=\"h-icon style-253 style-local-241-c9 position-relative h-element\">\n                  <!----><span class=\"h-svg-icon h-icon__icon style-253-icon style-local-241-c9-icon\"><!--Icon by Font Awesome (https:\/\/fontawesome.com)-->\n    <svg version=\"1.1\" xmlns=\"http:\/\/www.w3.org\/2000\/svg\" xmlns:xlink=\"http:\/\/www.w3.org\/1999\/xlink\" id=\"mortar-board\" viewBox=\"0 0 2304 1896.0833\">\n      <path d=\"M1774 836l18 316q4 69-82 128t-235 93.5-323 34.5-323-34.5-235-93.5-82-128l18-316 574 181q22 7 48 7t48-7zm530-324q0 23-22 31L1162 895q-4 1-10 1t-10-1L490 689q-43 34-71 111.5T385 979q63 36 63 109 0 69-58 107l58 433q2 14-8 25-9 11-24 11H224q-15 0-24-11-10-11-8-25l58-433q-58-38-58-107 0-73 65-111 11-207 98-330L22 543q-22-8-22-31t22-31l1120-352q4-1 10-1t10 1l1120 352q22 8 22 31z\"><\/path>\n    <\/svg><\/span><\/div>\n                <div data-colibri-id=\"241-c10\" class=\"h-global-transition-all h-heading style-254 style-local-241-c10 position-relative h-element\">\n                  <!---->\n                  <div class=\"h-heading__outer style-254 style-local-241-c10\">\n                    <!---->\n                    <!---->\n                    <h5 class=\"\">EGRESADOS<\/h5>\n                  <\/div>\n                <\/div>\n                <div data-colibri-id=\"241-c11\" class=\"h-text h-text-component style-255 style-local-241-c11 position-relative h-element\">\n                  <!---->\n                  <!---->\n                  <div class=\"\">\n                    <p>El certificado de estudios cuenta con validez oficial para continuar estudiando en la universidad de tu preferencia.<\/p>\n                  <\/div>\n                <\/div>\n              <\/div>\n            <\/div>\n          <\/div>\n          <div class=\"h-column h-column-container d-flex h-col-lg-4 h-col-md-4 h-col-12 style-252-outer style-local-241-c12-outer\">\n            <div data-colibri-id=\"241-c12\" class=\"d-flex h-flex-basis h-column__inner h-px-lg-2 h-px-md-3 h-px-2 v-inner-lg-0 v-inner-md-3 v-inner-2 style-252 style-local-241-c12 position-relative\">\n              <!---->\n              <!---->\n              <div class=\"w-100 h-y-container h-column__content h-column__v-align flex-basis-100 align-self-lg-start align-self-md-start align-self-start\">\n                <!---->\n                <div data-colibri-id=\"241-c13\" class=\"h-icon style-253 style-local-241-c13 position-relative h-element\">\n                  <!----><span class=\"h-svg-icon h-icon__icon style-253-icon style-local-241-c13-icon\"><!--Icon by Font Awesome (https:\/\/fontawesome.com)-->\n    <svg version=\"1.1\" xmlns=\"http:\/\/www.w3.org\/2000\/svg\" xmlns:xlink=\"http:\/\/www.w3.org\/1999\/xlink\" id=\"clipboard\" viewBox=\"0 0 1792 1896.0833\">\n      <path d=\"M768 1664h896v-640h-416q-40 0-68-28t-28-68V512H768v1152zm256-1440v-64q0-13-9.5-22.5T992 128H288q-13 0-22.5 9.5T256 160v64q0 13 9.5 22.5T288 256h704q13 0 22.5-9.5t9.5-22.5zm256 672h299l-299-299v299zm512 128v672q0 40-28 68t-68 28H736q-40 0-68-28t-28-68v-160H96q-40 0-68-28t-28-68V96q0-40 28-68T96 0h1088q40 0 68 28t28 68v328q21 13 36 28l408 408q28 28 48 76t20 88z\"><\/path>\n    <\/svg><\/span><\/div>\n                <div data-colibri-id=\"241-c14\" class=\"h-global-transition-all h-heading style-254 style-local-241-c14 position-relative h-element\">\n                  <!---->\n                  <div class=\"h-heading__outer style-254 style-local-241-c14\">\n                    <!---->\n                    <!---->\n                    <h5 class=\"\">REQUISITOS<\/h5>\n                  <\/div>\n                <\/div>\n                <div data-colibri-id=\"241-c15\" class=\"h-text h-text-component style-255 style-local-241-c15 position-relative h-element\">\n                  <!---->\n                  <!---->\n                  <div class=\"\">\n                    <p><span style=\"font-weight: 400; font-size: 16px; font-family: &quot;Open Sans&quot;; color: rgb(70, 112, 127);\">Acta de nacimiento.<\/span>\n                      <br><span style=\"font-weight: 400; font-size: 16px; font-family: &quot;Open Sans&quot;; color: rgb(70, 112, 127);\">Certificado de secundaria.<\/span>\n                      <br><span style=\"font-weight: 400; font-size: 16px; font-family: &quot;Open Sans&quot;; color: rgb(70, 112, 127);\">Curp reciente.<\/span>\n                      <br><span style=\"font-weight: 400; font-size: 16px; font-family: &quot;Open Sans&quot;; color: rgb(70, 112, 127);\">1 foto tama\u00f1o infantil.<\/span><\/p>\n                  <\/div>\n                <\/div>\n              <\/div>\n            <\/div>\n          <\/div>\n        <\/div>\n      <\/div>\n    <\/div>\n  <\/div>\n  <div data-colibri-component=\"section\" data-colibri-id=\"241-c16\" id=\"contact\" class=\"h-section h-section-global-spacing d-flex align-items-lg-start align-items-md-start align-items-start style-256 style-local-241-c16 position-relative\">\n    <div class=\"background-wrapper\">\n      <div class=\"background-layer background-layer-media-container-lg\">\n        <!---->\n        <div class=\"overlay-layer\">\n          <div class=\"overlay-image-layer\" style=\"background-color: rgb(32, 42, 84); opacity: 0.5;\"><\/div>\n        <\/div>\n      <\/div>\n      <div class=\"background-layer background-layer-media-container-md\">\n        <!---->\n        <div class=\"overlay-layer\">\n          <div class=\"overlay-image-layer\" style=\"background-color: rgb(32, 42, 84); opacity: 0.5;\"><\/div>\n        <\/div>\n      <\/div>\n      <div class=\"background-layer background-layer-media-container\">\n        <!---->\n        <div class=\"overlay-layer\">\n          <div class=\"overlay-image-layer\" style=\"background-color: rgb(32, 42, 84); opacity: 0.5;\"><\/div>\n        <\/div>\n      <\/div>\n    <\/div>\n    <!---->\n    <div class=\"h-section-grid-container h-section-fluid-container\">\n      <!---->\n      <div data-colibri-id=\"241-c17\" class=\"h-row-container gutters-row-lg-0 gutters-row-md-0 gutters-row-2 gutters-row-v-lg-0 gutters-row-v-md-0 gutters-row-v-2 style-257 style-local-241-c17 position-relative\">\n        <!---->\n        <div class=\"h-row justify-content-lg-center justify-content-md-center justify-content-center align-items-lg-stretch align-items-md-stretch align-items-stretch gutters-col-lg-0 gutters-col-md-0 gutters-col-2 gutters-col-v-lg-0 gutters-col-v-md-0 gutters-col-v-2\">\n          <!---->\n          <div class=\"h-column h-column-container d-flex h-col-lg h-col-md h-col-auto style-258-outer style-local-241-c18-outer\">\n            <div data-colibri-id=\"241-c18\" class=\"d-flex h-flex-basis h-column__inner h-px-lg-0 h-px-md-0 h-px-0 v-inner-lg-0 v-inner-md-0 v-inner-0 style-258 style-local-241-c18 position-relative\">\n              <!---->\n              <!---->\n              <div class=\"w-100 h-y-container h-column__content h-column__v-align flex-basis-100 align-self-lg-start align-self-md-start align-self-start\">\n                <!---->\n                <div data-colibri-id=\"241-c19\" class=\"h-row-container gutters-row-lg-0 gutters-row-md-0 gutters-row-0 gutters-row-v-lg-0 gutters-row-v-md-0 gutters-row-v-0 style-259 style-local-241-c19 position-relative\">\n                  <!---->\n                  <div class=\"h-row justify-content-lg-center justify-content-md-center justify-content-center align-items-lg-stretch align-items-md-stretch align-items-stretch gutters-col-lg-0 gutters-col-md-0 gutters-col-0 gutters-col-v-lg-0 gutters-col-v-md-0 gutters-col-v-0\">\n                    <!---->\n                    <div class=\"h-column h-column-container d-flex h-col-lg-auto h-col-md-auto h-col-auto style-260-outer style-local-241-c20-outer\">\n                      <div data-colibri-id=\"241-c20\" class=\"d-flex h-flex-basis h-column__inner h-px-lg-0 h-px-md-0 h-px-0 v-inner-lg-0 v-inner-md-0 v-inner-0 style-260 style-local-241-c20 position-relative\">\n                        <!---->\n                        <!---->\n                        <div class=\"w-100 h-y-container h-column__content h-column__v-align flex-basis-100 align-self-lg-start align-self-md-start align-self-start\">\n                          <!---->\n                          <div data-colibri-id=\"241-c21\" class=\"h-icon style-262 style-local-241-c21 position-relative h-element\">\n                            <!----><span class=\"h-svg-icon h-icon__icon style-262-icon style-local-241-c21-icon\"><!--Icon by Font Awesome (https:\/\/fontawesome.com)-->\n    <svg version=\"1.1\" xmlns=\"http:\/\/www.w3.org\/2000\/svg\" xmlns:xlink=\"http:\/\/www.w3.org\/1999\/xlink\" id=\"shopping-cart\" viewBox=\"0 0 1664 1896.0833\">\n      <path d=\"M640 1536q0 52-38 90t-90 38-90-38-38-90 38-90 90-38 90 38 38 90zm896 0q0 52-38 90t-90 38-90-38-38-90 38-90 90-38 90 38 38 90zm128-1088v512q0 24-16.5 42.5T1607 1024L563 1146q13 60 13 70 0 16-24 64h920q26 0 45 19t19 45-19 45-45 19H448q-26 0-45-19t-19-45q0-11 8-31.5t16-36 21.5-40T445 1207L268 384H64q-26 0-45-19T0 320t19-45 45-19h256q16 0 28.5 6.5T368 278t13 24.5 8 26 5.5 29.5 4.5 26h1201q26 0 45 19t19 45z\"><\/path>\n    <\/svg><\/span><\/div>\n                          <div data-colibri-id=\"241-c22\" class=\"h-global-transition-all h-heading style-261 style-local-241-c22 position-relative h-element\">\n                            <!---->\n                            <div class=\"h-heading__outer style-261 style-local-241-c22\">\n                              <!---->\n                              <!---->\n                              <h4 class=\"\">Promoci\u00f3n del mes<\/h4>\n                            <\/div>\n                          <\/div>\n                          <div data-colibri-id=\"241-c23\" class=\"h-global-transition-all h-heading style-263 style-local-241-c23 position-relative h-element\">\n                            <!---->\n                            <div class=\"h-heading__outer style-263 style-local-241-c23\">\n                              <!---->\n                              <!---->\n                              <h5 class=\"\">&#8211; Inscripci\u00f3n GRATIS&nbsp;\n                                <br>&#8211; Examen GRATIS\n                                <br>&#8211; Material GRATIS\n                                <br>&#8211; S\u00f3lo $175 pesos semanales\n                                <br>&#8211; Avalada por la SEP\n                                <br>&#8211; Duraci\u00f3n de 2 a\u00f1os<\/h5>\n                            <\/div>\n                          <\/div>\n                          <div data-colibri-id=\"241-c24\" class=\"style-264 style-local-241-c24 position-relative h-element\">\n                            <!---->\n                            <div class=\"d-flex flex-wrap h-social-icons justify-content-lg-center justify-content-md-center justify-content-center\">\n                              <div class=\"social-icon-container d-inline-flex\">\n                                <a href=\"https:\/\/web.facebook.com\/Montecarlo.edu.mx\" h-use-smooth-scroll=\"true\">\n                                  <div class=\"icon-container h-social-icon h-global-transition\">\n                                    <div class=\"h-icon-svg\" style=\"width: 100%; height: 100%;\">\n                                      <!--Icon by Font Awesome (https:\/\/fontawesome.com)-->\n                                      <svg version=\"1.1\" xmlns=\"http:\/\/www.w3.org\/2000\/svg\" xmlns:xlink=\"http:\/\/www.w3.org\/1999\/xlink\" id=\"facebook-square\" viewBox=\"0 0 1536 1896.0833\">\n                                        <path d=\"M1248 128q119 0 203.5 84.5T1536 416v960q0 119-84.5 203.5T1248 1664h-188v-595h199l30-232h-229V689q0-56 23.5-84t91.5-28l122-1V369q-63-9-178-9-136 0-217.5 80T820 666v171H620v232h200v595H288q-119 0-203.5-84.5T0 1376V416q0-119 84.5-203.5T288 128h960z\"><\/path>\n                                      <\/svg>\n                                    <\/div>\n                                  <\/div>\n                                <\/a>\n                              <\/div>\n                              <div class=\"social-icon-container d-inline-flex\">\n                                <a href=\"https:\/\/web.whatsapp.com\/send?phone=5213113767519&amp;text=Hola.%20%C2%A1Podr%C3%ADas%20regalarme%20informaci%C3%B3n%20por%20favor!\" h-use-smooth-scroll=\"true\">\n                                  <div class=\"icon-container h-social-icon h-global-transition\">\n                                    <div class=\"h-icon-svg\" style=\"width: 100%; height: 100%;\">\n                                      <!--Icon by Socicon (http:\/\/www.socicon.com)-->\n                                      <svg version=\"1.1\" xmlns=\"http:\/\/www.w3.org\/2000\/svg\" viewBox=\"0 0 1500 1500\">\n\n                                        <path d=\"M1280.273 216.797c-140.625-140.625-328.125-216.797-527.344-216.797-410.156 0-744.141 333.984-744.141 744.141 0 128.906 35.156 257.813 99.609 372.070l-105.469 383.789 395.508-102.539c108.398 58.594 228.516 90.82 354.492 90.82v0c0 0 0 0 0 0 410.156 0 744.141-333.984 744.141-744.141 0-199.219-76.172-386.719-216.797-527.344zM752.93 1362.305v0c-111.328 0-219.727-29.297-313.477-87.891l-23.438-11.719-234.375 61.523 61.523-228.516-14.648-23.438c-61.523-99.609-93.75-210.938-93.75-328.125 0-342.773 278.32-618.164 618.164-618.164 164.063 0 319.336 64.453 436.523 181.641s181.641 272.461 181.641 436.523c0 339.844-278.32 618.164-618.164 618.164zM1092.773 899.414c-20.508-8.789-111.328-55.664-128.906-61.523-14.648-5.859-29.297-8.789-41.016 8.789-11.719 20.508-46.875 61.523-58.594 73.242s-20.508 14.648-41.016 5.859c-17.578-8.789-76.172-29.297-149.414-93.75-52.734-46.875-90.82-108.398-102.539-128.906-11.719-17.578 0-26.367 8.789-38.086 8.789-5.859 17.578-20.508 26.367-32.227 11.719-8.789 14.648-17.578 20.508-29.297s2.93-23.438-2.93-32.227c-2.93-8.789-41.016-102.539-55.664-137.695-17.578-38.086-32.227-32.227-43.945-32.227-8.789 0-23.438 0-35.156 0s-32.227 2.93-49.805 20.508c-17.578 20.508-64.453 64.453-64.453 155.273 0 93.75 67.383 181.641 76.172 193.359s131.836 199.219 316.406 281.25c43.945 17.578 79.102 29.297 105.469 38.086 46.875 14.648 84.961 11.719 117.188 8.789 38.086-5.859 111.328-46.875 125.977-90.82 17.578-41.016 17.578-79.102 11.719-87.891-5.859-5.859-17.578-11.719-35.156-20.508z\"><\/path>\n                                      <\/svg>\n                                    <\/div>\n                                  <\/div>\n                                <\/a>\n                              <\/div>\n                            <\/div>\n                          <\/div>\n                        <\/div>\n                      <\/div>\n                    <\/div>\n                    <div class=\"h-column h-column-container d-flex h-col-lg-auto h-col-md-auto h-col-auto style-265-outer style-local-241-c25-outer\">\n                      <div data-colibri-id=\"241-c25\" class=\"d-flex h-flex-basis h-column__inner h-px-lg-0 h-px-md-0 h-px-0 v-inner-lg-0 v-inner-md-0 v-inner-0 style-265 style-local-241-c25 position-relative\">\n                        <!---->\n                        <!---->\n                        <div class=\"w-100 h-y-container h-column__content h-column__v-align flex-basis-100 align-self-lg-center align-self-md-center align-self-center\">\n                          <!---->\n                          <div data-colibri-id=\"241-c26\" class=\"h-contact-form__outer--forminator style-266 style-local-241-c26 position-relative h-element\">\n                            <!---->\n                            <div class=\"h-global-transition-all h-global-transition h-global-transition-all h-contact-form-shortcode\"><form id=\"forminator-module-310\" class=\"forminator-custom-form forminator-custom-form-310\" method=\"post\" data-forminator-render=\"0\" data-uid=\"69e88c430f655\"><div role=\"alert\" aria-live=\"polite\" class=\"forminator-response-message forminator-error\" aria-hidden=\"true\"><\/div><\/form><\/div>\n                          <\/div>\n                        <\/div>\n                      <\/div>\n                    <\/div>\n                  <\/div>\n                <\/div>\n              <\/div>\n            <\/div>\n          <\/div>\n        <\/div>\n      <\/div>\n    <\/div>\n  <\/div>\n<\/div>","protected":false},"excerpt":{"rendered":"<p>INCORPORADA A LA sep Clave: 18PBH0140R EGRESADOS El certificado de estudios cuenta con validez oficial para continuar estudiando en la universidad de tu preferencia. REQUISITOS Acta de nacimiento. Certificado de secundaria. Curp reciente. 1 foto tama\u00f1o infantil. Promoci\u00f3n del mes &#8211; Inscripci\u00f3n GRATIS&nbsp; &#8211; Examen GRATIS &#8211; Material GRATIS &#8211; S\u00f3lo $175 pesos semanales &#8211; [&hellip;]<\/p>\n","protected":false},"author":1,"featured_media":0,"parent":0,"menu_order":0,"comment_status":"closed","ping_status":"closed","template":"page-templates\/full-width-page.php","meta":{"_joinchat":[],"footnotes":""},"class_list":["post-241","page","type-page","status-publish","hentry"],"_links":{"self":[{"href":"https:\/\/montecarlo.edu.mx\/sitio\/wp-json\/wp\/v2\/pages\/241","targetHints":{"allow":["GET"]}}],"collection":[{"href":"https:\/\/montecarlo.edu.mx\/sitio\/wp-json\/wp\/v2\/pages"}],"about":[{"href":"https:\/\/montecarlo.edu.mx\/sitio\/wp-json\/wp\/v2\/types\/page"}],"author":[{"embeddable":true,"href":"https:\/\/montecarlo.edu.mx\/sitio\/wp-json\/wp\/v2\/users\/1"}],"replies":[{"embeddable":true,"href":"https:\/\/montecarlo.edu.mx\/sitio\/wp-json\/wp\/v2\/comments?post=241"}],"version-history":[{"count":20,"href":"https:\/\/montecarlo.edu.mx\/sitio\/wp-json\/wp\/v2\/pages\/241\/revisions"}],"predecessor-version":[{"id":611,"href":"https:\/\/montecarlo.edu.mx\/sitio\/wp-json\/wp\/v2\/pages\/241\/revisions\/611"}],"wp:attachment":[{"href":"https:\/\/montecarlo.edu.mx\/sitio\/wp-json\/wp\/v2\/media?parent=241"}],"curies":[{"name":"wp","href":"https:\/\/api.w.org\/{rel}","templated":true}]}}